{"id":9,"date":"2024-10-31T17:12:08","date_gmt":"2024-10-31T20:12:08","guid":{"rendered":"https:\/\/www.laboratoriolabcenterrs.com.br\/site\/?page_id=9"},"modified":"2025-01-02T14:00:44","modified_gmt":"2025-01-02T17:00:44","slug":"home","status":"publish","type":"page","link":"https:\/\/www.laboratoriolabcenterrs.com.br\/site\/","title":{"rendered":"Home"},"content":{"rendered":"<div style=\"display: none;\">\n<p>laborat\u00f3rio de an\u00e1lises cl\u00ednicas carazinho exame carazinho, labcenter em carazinho, lab, carazinho RS, lab e laborat\u00f3rio de an\u00e1lises cl\u00ednicas m\u00e9dico carazinho<\/p>\n<h1>lab em carazinho,\u00a0labcenter carazinho, exame carazinho,<\/h1>\n<h2>lab em carazinho, laborat\u00f3rio de an\u00e1lises cl\u00ednicas carazinho e regi\u00e3o, exame carazinho em carazinho, lab venda labcenter laborat\u00f3rio de an\u00e1lises cl\u00ednicas m\u00e9dico carazinho, laborat\u00f3rio de an\u00e1lises cl\u00ednicas em carazinho rs, lab, para carazinho e regi\u00e3o, lab para carazinho e regi\u00e3o\u00a0laborat\u00f3rio de an\u00e1lises cl\u00ednicas m\u00e9dico laborat\u00f3rio de an\u00e1lises cl\u00ednicas m\u00e9dico carazinho de lab em carazinho, laborat\u00f3rio de an\u00e1lises cl\u00ednicas carazinho e regi\u00e3o, exame carazinho em carazinho, lab venda labcenter laborat\u00f3rio de an\u00e1lises cl\u00ednicas m\u00e9dico carazinho, laborat\u00f3rio de an\u00e1lises cl\u00ednicas em carazinho rs, lab,<a title=\"laborat\u00f3rio de an\u00e1lises cl\u00ednicas m\u00e9dico laborat\u00f3rio de an\u00e1lises cl\u00ednicas m\u00e9dico carazinho de lab em carazinho, laborat\u00f3rio de an\u00e1lises cl\u00ednicas carazinho e regi\u00e3o, exame carazinho em carazinho, lab venda labcenter laborat\u00f3rio de an\u00e1lises cl\u00ednicas m\u00e9dico carazinho, laborat\u00f3rio de an\u00e1lises cl\u00ednicas em carazinho rs, lab, para carazinho e regi\u00e3o, lab para carazinho e regi\u00e3o\" href=\"https:\/\/www.laboratoriolabcenterrs.com.br\">para carazinho e regi\u00e3o, lab para carazinho e regi\u00e3o\u00a0laborat\u00f3rio de an\u00e1lises cl\u00ednicas m\u00e9dico laborat\u00f3rio de an\u00e1lises cl\u00ednicas m\u00e9dico carazinho de lab em carazinho, laborat\u00f3rio de an\u00e1lises cl\u00ednicas carazinho e regi\u00e3o, exame carazinho em carazinho, lab venda labcenter laborat\u00f3rio de an\u00e1lises cl\u00ednicas m\u00e9dico carazinho, laborat\u00f3rio de an\u00e1lises cl\u00ednicas em carazinho rs, lab<\/a>, para carazinho e regi\u00e3o, lab para carazinho e regi\u00e3o\u00a0laborat\u00f3rio de an\u00e1lises cl\u00ednicas m\u00e9dico laborat\u00f3rio de an\u00e1lises cl\u00ednicas m\u00e9dico carazinho de lab em carazinho, laborat\u00f3rio de an\u00e1lises cl\u00ednicas carazinho e regi\u00e3o, exame carazinho em carazinho, lab venda labcenter laborat\u00f3rio de an\u00e1lises cl\u00ednicas m\u00e9dico carazinho, laborat\u00f3rio de an\u00e1lises cl\u00ednicas em carazinho rs, lab, para carazinho e regi\u00e3o, lab para carazinho e regi\u00e3o\u00a0laborat\u00f3rio de an\u00e1lises cl\u00ednicas m\u00e9dico laborat\u00f3rio de an\u00e1lises cl\u00ednicas m\u00e9dico carazinho de lab em carazinho, laborat\u00f3rio de an\u00e1lises cl\u00ednicas carazinho e regi\u00e3o, exame carazinho em carazinho, lab venda labcenter laborat\u00f3rio de an\u00e1lises cl\u00ednicas m\u00e9dico carazinho, laborat\u00f3rio de an\u00e1lises cl\u00ednicas em carazinho rs, lab, para carazinho e regi\u00e3o,<a title=\"laborat\u00f3rio de an\u00e1lises cl\u00ednicas m\u00e9dico laborat\u00f3rio de an\u00e1lises cl\u00ednicas m\u00e9dico carazinho de lab em carazinho, laborat\u00f3rio de an\u00e1lises cl\u00ednicas carazinho e regi\u00e3o, exame carazinho em carazinho, lab venda labcenter laborat\u00f3rio de an\u00e1lises cl\u00ednicas m\u00e9dico carazinho, laborat\u00f3rio de an\u00e1lises cl\u00ednicas em carazinho rs, lab, para carazinho e regi\u00e3o, lab para carazinho e regi\u00e3o\" href=\"https:\/\/www.laboratoriolabcenterrs.com.br\/site\">lab para carazinho e regi\u00e3o\u00a0laborat\u00f3rio de an\u00e1lises cl\u00ednicas m\u00e9dico laborat\u00f3rio de an\u00e1lises cl\u00ednicas m\u00e9dico carazinho de lab em carazinho, laborat\u00f3rio de an\u00e1lises cl\u00ednicas carazinho e regi\u00e3o, cria\u00e7\u00e3o de sit<\/a>es em carazinho, lab venda labcenter laborat\u00f3rio de an\u00e1lises cl\u00ednicas m\u00e9dico carazinho, laborat\u00f3rio de an\u00e1lises cl\u00ednicas em carazinho rs, lab, para carazinho e regi\u00e3o, lab para carazinho e regi\u00e3o<\/h2>\n<div id=\"attachment_747\" style=\"width: 353px\" class=\"wp-caption aligncenter\"><a href=\"https:\/\/www.laboratoriolabcenterrs.com.br\/site\/wp-content\/uploads\/2013\/06\/per\u00edcia-m\u00e9dica-passo-fundo-rs.jpg\"><img decoding=\"async\" aria-describedby=\"caption-attachment-747\" class=\"size-full wp-image-747 \" title=\"laborat\u00f3rio de an\u00e1lises cl\u00ednicas m\u00e9dico laborat\u00f3rio de an\u00e1lises cl\u00ednicas m\u00e9dico carazinho de lab em carazinho\" src=\"https:\/\/www.laboratoriolabcenterrs.com.br\/site\/wp-content\/uploads\/2013\/06\/per\u00edcia-m\u00e9dica-passo-fundo-rs.jpg\" alt=\"laborat\u00f3rio de an\u00e1lises cl\u00ednicas m\u00e9dico laborat\u00f3rio de an\u00e1lises cl\u00ednicas m\u00e9dico carazinho de lab em carazinho\" width=\"343\" height=\"300\"  loading=\"lazy\" \/><\/a><p id=\"caption-attachment-747\" class=\"wp-caption-text\">laborat\u00f3rio de an\u00e1lises cl\u00ednicas m\u00e9dico laborat\u00f3rio de an\u00e1lises cl\u00ednicas m\u00e9dico carazinho de lab em carazinho<\/p><\/div>\n<\/div>\n","protected":false},"excerpt":{"rendered":"<p>laborat\u00f3rio de an\u00e1lises cl\u00ednicas carazinho exame carazinho, labcenter em carazinho, lab, carazinho RS, lab e [&hellip;]<\/p>\n","protected":false},"author":1,"featured_media":0,"parent":0,"menu_order":0,"comment_status":"closed","ping_status":"closed","template":"template-inicio.php","meta":{"footnotes":""},"class_list":["post-9","page","type-page","status-publish","hentry"],"_links":{"self":[{"href":"https:\/\/www.laboratoriolabcenterrs.com.br\/site\/wp-json\/wp\/v2\/pages\/9"}],"collection":[{"href":"https:\/\/www.laboratoriolabcenterrs.com.br\/site\/wp-json\/wp\/v2\/pages"}],"about":[{"href":"https:\/\/www.laboratoriolabcenterrs.com.br\/site\/wp-json\/wp\/v2\/types\/page"}],"author":[{"embeddable":true,"href":"https:\/\/www.laboratoriolabcenterrs.com.br\/site\/wp-json\/wp\/v2\/users\/1"}],"replies":[{"embeddable":true,"href":"https:\/\/www.laboratoriolabcenterrs.com.br\/site\/wp-json\/wp\/v2\/comments?post=9"}],"version-history":[{"count":3,"href":"https:\/\/www.laboratoriolabcenterrs.com.br\/site\/wp-json\/wp\/v2\/pages\/9\/revisions"}],"predecessor-version":[{"id":92,"href":"https:\/\/www.laboratoriolabcenterrs.com.br\/site\/wp-json\/wp\/v2\/pages\/9\/revisions\/92"}],"wp:attachment":[{"href":"https:\/\/www.laboratoriolabcenterrs.com.br\/site\/wp-json\/wp\/v2\/media?parent=9"}],"curies":[{"name":"wp","href":"https:\/\/api.w.org\/{rel}","templated":true}]}}